{"id":3116,"date":"2025-04-16T13:48:15","date_gmt":"2025-04-16T13:48:15","guid":{"rendered":"https:\/\/servergrupocontramar.com\/?page_id=3116"},"modified":"2025-08-19T19:37:40","modified_gmt":"2025-08-19T19:37:40","slug":"home-entremar-blanco","status":"publish","type":"page","link":"http:\/\/servergrupocontramar.com\/es\/home-entremar-blanco\/","title":{"rendered":"Home entremar BLANCO"},"content":{"rendered":"\t\t<div data-elementor-type=\"wp-page\" data-elementor-id=\"3116\" class=\"elementor elementor-3116\" data-elementor-post-type=\"page\">\n\t\t\t\t<div class=\"elementor-element elementor-element-e6de017 e-grid e-con-boxed e-con e-parent\" data-id=\"e6de017\" data-element_type=\"container\" data-settings=\"{&quot;background_background&quot;:&quot;classic&quot;,&quot;grandrestaurant_ext_is_background_parallax&quot;:&quot;false&quot;,&quot;grandrestaurant_ext_is_background_backdrop&quot;:&quot;false&quot;,&quot;grandrestaurant_ext_is_background_on_scroll&quot;:&quot;false&quot;,&quot;grandrestaurant_ext_link_reservation&quot;:&quot;false&quot;,&quot;grandrestaurant_ext_link_sidemenu&quot;:&quot;false&quot;,&quot;grandrestaurant_ext_link_fullmenu&quot;:&quot;false&quot;,&quot;grandrestaurant_ext_link_closed_fullmenu&quot;:&quot;false&quot;,&quot;grandrestaurant_ext_is_scrollme&quot;:&quot;false&quot;,&quot;grandrestaurant_ext_is_smoove&quot;:&quot;false&quot;,&quot;grandrestaurant_ext_is_parallax_mouse&quot;:&quot;false&quot;,&quot;grandrestaurant_ext_is_infinite&quot;:&quot;false&quot;,&quot;grandrestaurant_ext_is_fadeout_animation&quot;:&quot;false&quot;,&quot;grandrestaurant_ext_mobile_static&quot;:&quot;false&quot;}\">\n\t\t\t\t\t<div class=\"e-con-inner\">\n\t\t<div class=\"elementor-element elementor-element-7bb8817 e-con-full e-flex e-con e-child\" data-id=\"7bb8817\" data-element_type=\"container\" data-settings=\"{&quot;background_background&quot;:&quot;classic&quot;,&quot;grandrestaurant_ext_is_background_parallax&quot;:&quot;false&quot;,&quot;grandrestaurant_ext_is_background_backdrop&quot;:&quot;false&quot;,&quot;grandrestaurant_ext_is_background_on_scroll&quot;:&quot;false&quot;,&quot;grandrestaurant_ext_link_reservation&quot;:&quot;false&quot;,&quot;grandrestaurant_ext_link_sidemenu&quot;:&quot;false&quot;,&quot;grandrestaurant_ext_link_fullmenu&quot;:&quot;false&quot;,&quot;grandrestaurant_ext_link_closed_fullmenu&quot;:&quot;false&quot;,&quot;grandrestaurant_ext_is_scrollme&quot;:&quot;false&quot;,&quot;grandrestaurant_ext_is_smoove&quot;:&quot;false&quot;,&quot;grandrestaurant_ext_is_parallax_mouse&quot;:&quot;false&quot;,&quot;grandrestaurant_ext_is_infinite&quot;:&quot;false&quot;,&quot;grandrestaurant_ext_is_fadeout_animation&quot;:&quot;false&quot;,&quot;grandrestaurant_ext_mobile_static&quot;:&quot;false&quot;}\">\n\t\t\t\t<\/div>\n\t\t<div class=\"elementor-element elementor-element-cb18b07 e-con-full elementor-hidden-mobile e-flex e-con e-child\" data-id=\"cb18b07\" data-element_type=\"container\" data-settings=\"{&quot;background_background&quot;:&quot;classic&quot;,&quot;grandrestaurant_ext_is_background_parallax&quot;:&quot;false&quot;,&quot;grandrestaurant_ext_is_background_backdrop&quot;:&quot;false&quot;,&quot;grandrestaurant_ext_is_background_on_scroll&quot;:&quot;false&quot;,&quot;grandrestaurant_ext_link_reservation&quot;:&quot;false&quot;,&quot;grandrestaurant_ext_link_sidemenu&quot;:&quot;false&quot;,&quot;grandrestaurant_ext_link_fullmenu&quot;:&quot;false&quot;,&quot;grandrestaurant_ext_link_closed_fullmenu&quot;:&quot;false&quot;,&quot;grandrestaurant_ext_is_scrollme&quot;:&quot;false&quot;,&quot;grandrestaurant_ext_is_smoove&quot;:&quot;false&quot;,&quot;grandrestaurant_ext_is_parallax_mouse&quot;:&quot;false&quot;,&quot;grandrestaurant_ext_is_infinite&quot;:&quot;false&quot;,&quot;grandrestaurant_ext_is_fadeout_animation&quot;:&quot;false&quot;,&quot;grandrestaurant_ext_mobile_static&quot;:&quot;false&quot;}\">\n\t\t\t\t<\/div>\n\t\t<div class=\"elementor-element elementor-element-2d783ad e-con-full elementor-hidden-mobile e-flex e-con e-child\" data-id=\"2d783ad\" data-element_type=\"container\" data-settings=\"{&quot;background_background&quot;:&quot;classic&quot;,&quot;grandrestaurant_ext_is_background_parallax&quot;:&quot;false&quot;,&quot;grandrestaurant_ext_is_background_backdrop&quot;:&quot;false&quot;,&quot;grandrestaurant_ext_is_background_on_scroll&quot;:&quot;false&quot;,&quot;grandrestaurant_ext_link_reservation&quot;:&quot;false&quot;,&quot;grandrestaurant_ext_link_sidemenu&quot;:&quot;false&quot;,&quot;grandrestaurant_ext_link_fullmenu&quot;:&quot;false&quot;,&quot;grandrestaurant_ext_link_closed_fullmenu&quot;:&quot;false&quot;,&quot;grandrestaurant_ext_is_scrollme&quot;:&quot;false&quot;,&quot;grandrestaurant_ext_is_smoove&quot;:&quot;false&quot;,&quot;grandrestaurant_ext_is_parallax_mouse&quot;:&quot;false&quot;,&quot;grandrestaurant_ext_is_infinite&quot;:&quot;false&quot;,&quot;grandrestaurant_ext_is_fadeout_animation&quot;:&quot;false&quot;,&quot;grandrestaurant_ext_mobile_static&quot;:&quot;false&quot;}\">\n\t\t\t\t<\/div>\n\t\t\t\t\t<\/div>\n\t\t\t\t<\/div>\n\t\t<div class=\"elementor-element elementor-element-92870d1 e-grid e-con-boxed e-con e-parent\" data-id=\"92870d1\" data-element_type=\"container\" data-settings=\"{&quot;background_background&quot;:&quot;classic&quot;,&quot;grandrestaurant_ext_is_background_parallax&quot;:&quot;false&quot;,&quot;grandrestaurant_ext_is_background_backdrop&quot;:&quot;false&quot;,&quot;grandrestaurant_ext_is_background_on_scroll&quot;:&quot;false&quot;,&quot;grandrestaurant_ext_link_reservation&quot;:&quot;false&quot;,&quot;grandrestaurant_ext_link_sidemenu&quot;:&quot;false&quot;,&quot;grandrestaurant_ext_link_fullmenu&quot;:&quot;false&quot;,&quot;grandrestaurant_ext_link_closed_fullmenu&quot;:&quot;false&quot;,&quot;grandrestaurant_ext_is_scrollme&quot;:&quot;false&quot;,&quot;grandrestaurant_ext_is_smoove&quot;:&quot;false&quot;,&quot;grandrestaurant_ext_is_parallax_mouse&quot;:&quot;false&quot;,&quot;grandrestaurant_ext_is_infinite&quot;:&quot;false&quot;,&quot;grandrestaurant_ext_is_fadeout_animation&quot;:&quot;false&quot;,&quot;grandrestaurant_ext_mobile_static&quot;:&quot;false&quot;}\">\n\t\t\t\t\t<div class=\"e-con-inner\">\n\t\t<div class=\"elementor-element elementor-element-4f6a869 e-con-full e-flex e-con e-child\" data-id=\"4f6a869\" data-element_type=\"container\" data-settings=\"{&quot;background_background&quot;:&quot;classic&quot;,&quot;grandrestaurant_ext_is_background_parallax&quot;:&quot;false&quot;,&quot;grandrestaurant_ext_is_background_backdrop&quot;:&quot;false&quot;,&quot;grandrestaurant_ext_is_background_on_scroll&quot;:&quot;false&quot;,&quot;grandrestaurant_ext_link_reservation&quot;:&quot;false&quot;,&quot;grandrestaurant_ext_link_sidemenu&quot;:&quot;false&quot;,&quot;grandrestaurant_ext_link_fullmenu&quot;:&quot;false&quot;,&quot;grandrestaurant_ext_link_closed_fullmenu&quot;:&quot;false&quot;,&quot;grandrestaurant_ext_is_scrollme&quot;:&quot;false&quot;,&quot;grandrestaurant_ext_is_smoove&quot;:&quot;false&quot;,&quot;grandrestaurant_ext_is_parallax_mouse&quot;:&quot;false&quot;,&quot;grandrestaurant_ext_is_infinite&quot;:&quot;false&quot;,&quot;grandrestaurant_ext_is_fadeout_animation&quot;:&quot;false&quot;,&quot;grandrestaurant_ext_mobile_static&quot;:&quot;false&quot;}\">\n\t\t\t\t<\/div>\n\t\t<div class=\"elementor-element elementor-element-6a88096 e-con-full e-flex e-con e-child\" data-id=\"6a88096\" data-element_type=\"container\" data-settings=\"{&quot;grandrestaurant_ext_is_background_parallax&quot;:&quot;false&quot;,&quot;grandrestaurant_ext_is_background_backdrop&quot;:&quot;false&quot;,&quot;grandrestaurant_ext_is_background_on_scroll&quot;:&quot;false&quot;,&quot;grandrestaurant_ext_link_reservation&quot;:&quot;false&quot;,&quot;grandrestaurant_ext_link_sidemenu&quot;:&quot;false&quot;,&quot;grandrestaurant_ext_link_fullmenu&quot;:&quot;false&quot;,&quot;grandrestaurant_ext_link_closed_fullmenu&quot;:&quot;false&quot;,&quot;grandrestaurant_ext_is_scrollme&quot;:&quot;false&quot;,&quot;grandrestaurant_ext_is_smoove&quot;:&quot;false&quot;,&quot;grandrestaurant_ext_is_parallax_mouse&quot;:&quot;false&quot;,&quot;grandrestaurant_ext_is_infinite&quot;:&quot;false&quot;,&quot;grandrestaurant_ext_is_fadeout_animation&quot;:&quot;false&quot;,&quot;grandrestaurant_ext_mobile_static&quot;:&quot;false&quot;}\">\n\t\t<div class=\"elementor-element elementor-element-8ef5f66 e-con-full e-flex e-con e-child\" data-id=\"8ef5f66\" data-element_type=\"container\" data-settings=\"{&quot;grandrestaurant_ext_is_background_parallax&quot;:&quot;false&quot;,&quot;grandrestaurant_ext_is_background_backdrop&quot;:&quot;false&quot;,&quot;grandrestaurant_ext_is_background_on_scroll&quot;:&quot;false&quot;,&quot;grandrestaurant_ext_link_reservation&quot;:&quot;false&quot;,&quot;grandrestaurant_ext_link_sidemenu&quot;:&quot;false&quot;,&quot;grandrestaurant_ext_link_fullmenu&quot;:&quot;false&quot;,&quot;grandrestaurant_ext_link_closed_fullmenu&quot;:&quot;false&quot;,&quot;grandrestaurant_ext_is_scrollme&quot;:&quot;false&quot;,&quot;grandrestaurant_ext_is_smoove&quot;:&quot;false&quot;,&quot;grandrestaurant_ext_is_parallax_mouse&quot;:&quot;false&quot;,&quot;grandrestaurant_ext_is_infinite&quot;:&quot;false&quot;,&quot;grandrestaurant_ext_is_fadeout_animation&quot;:&quot;false&quot;,&quot;grandrestaurant_ext_mobile_static&quot;:&quot;false&quot;}\">\n\t\t\t\t<div class=\"elementor-element elementor-element-dcf7347 elementor-widget elementor-widget-heading\" data-id=\"dcf7347\" data-element_type=\"widget\" data-settings=\"{&quot;grandrestaurant_ext_link_reservation&quot;:&quot;false&quot;,&quot;grandrestaurant_ext_link_sidemenu&quot;:&quot;false&quot;,&quot;grandrestaurant_ext_link_fullmenu&quot;:&quot;false&quot;,&quot;grandrestaurant_ext_link_closed_fullmenu&quot;:&quot;false&quot;,&quot;grandrestaurant_ext_is_scrollme&quot;:&quot;false&quot;,&quot;grandrestaurant_ext_is_smoove&quot;:&quot;false&quot;,&quot;grandrestaurant_ext_is_parallax_mouse&quot;:&quot;false&quot;,&quot;grandrestaurant_ext_is_infinite&quot;:&quot;false&quot;,&quot;grandrestaurant_ext_is_fadeout_animation&quot;:&quot;false&quot;,&quot;grandrestaurant_ext_mobile_static&quot;:&quot;false&quot;}\" data-widget_type=\"heading.default\">\n\t\t\t\t<div class=\"elementor-widget-container\">\n\t\t\t\t\t<h2 class=\"elementor-heading-title elementor-size-default\">BIENVENIDOS A ENTREMAR<\/h2>\t\t\t\t<\/div>\n\t\t\t\t<\/div>\n\t\t\t\t<div class=\"elementor-element elementor-element-3afe3ed elementor-widget elementor-widget-text-editor\" data-id=\"3afe3ed\" data-element_type=\"widget\" data-settings=\"{&quot;grandrestaurant_ext_link_reservation&quot;:&quot;false&quot;,&quot;grandrestaurant_ext_link_sidemenu&quot;:&quot;false&quot;,&quot;grandrestaurant_ext_link_fullmenu&quot;:&quot;false&quot;,&quot;grandrestaurant_ext_link_closed_fullmenu&quot;:&quot;false&quot;,&quot;grandrestaurant_ext_is_scrollme&quot;:&quot;false&quot;,&quot;grandrestaurant_ext_is_smoove&quot;:&quot;false&quot;,&quot;grandrestaurant_ext_is_parallax_mouse&quot;:&quot;false&quot;,&quot;grandrestaurant_ext_is_infinite&quot;:&quot;false&quot;,&quot;grandrestaurant_ext_is_fadeout_animation&quot;:&quot;false&quot;,&quot;grandrestaurant_ext_mobile_static&quot;:&quot;false&quot;}\" data-widget_type=\"text-editor.default\">\n\t\t\t\t<div class=\"elementor-widget-container\">\n\t\t\t\t\t\t\t\t\t<p style=\"text-align: center;\"><span style=\"font-size: 16px;\">Entremar es el hermano de Contramar, ubicado en el coraz\u00f3n de Polanco. Su cocina celebra los ingredientes frescos y la tradici\u00f3n costera en una atm\u00f3sfera vibrante. Aqu\u00ed, cada platillo te transporta a la playa y cada visita se siente como un respiro. <\/span><\/p><p style=\"text-align: center;\"><span style=\"font-size: 16px;\">A trav\u00e9s de pr\u00e1cticas conscientes y sostenibles, busca retribuir al mar, la tierra y las comunidades con las que colabora.<br \/><\/span><\/p>\t\t\t\t\t\t\t\t<\/div>\n\t\t\t\t<\/div>\n\t\t\t\t<div class=\"elementor-element elementor-element-cf95785 elementor-align-center elementor-widget elementor-widget-button\" data-id=\"cf95785\" data-element_type=\"widget\" data-settings=\"{&quot;grandrestaurant_ext_link_reservation&quot;:&quot;false&quot;,&quot;grandrestaurant_ext_link_sidemenu&quot;:&quot;false&quot;,&quot;grandrestaurant_ext_link_fullmenu&quot;:&quot;false&quot;,&quot;grandrestaurant_ext_link_closed_fullmenu&quot;:&quot;false&quot;,&quot;grandrestaurant_ext_is_scrollme&quot;:&quot;false&quot;,&quot;grandrestaurant_ext_is_smoove&quot;:&quot;false&quot;,&quot;grandrestaurant_ext_is_parallax_mouse&quot;:&quot;false&quot;,&quot;grandrestaurant_ext_is_infinite&quot;:&quot;false&quot;,&quot;grandrestaurant_ext_is_fadeout_animation&quot;:&quot;false&quot;,&quot;grandrestaurant_ext_mobile_static&quot;:&quot;false&quot;}\" data-widget_type=\"button.default\">\n\t\t\t\t<div class=\"elementor-widget-container\">\n\t\t\t\t\t\t\t\t\t<div class=\"elementor-button-wrapper\">\n\t\t\t\t\t<a class=\"elementor-button elementor-button-link elementor-size-sm\" href=\"https:\/\/www.opentable.com.mx\/r\/entremar-mexico-city\">\n\t\t\t\t\t\t<span class=\"elementor-button-content-wrapper\">\n\t\t\t\t\t\t\t\t\t<span class=\"elementor-button-text\">Reserva una mesa<\/span>\n\t\t\t\t\t<\/span>\n\t\t\t\t\t<\/a>\n\t\t\t\t<\/div>\n\t\t\t\t\t\t\t\t<\/div>\n\t\t\t\t<\/div>\n\t\t\t\t<\/div>\n\t\t\t\t<\/div>\n\t\t\t\t\t<\/div>\n\t\t\t\t<\/div>\n\t\t\t\t<\/div>\n\t\t","protected":false},"excerpt":{"rendered":"<p>BIENVENIDOS A ENTREMAR Entremar es el hermano de Contramar, ubicado en el coraz\u00f3n de Polanco. Su cocina celebra los ingredientes frescos y la tradici\u00f3n costera en una atm\u00f3sfera vibrante. Aqu\u00ed, cada platillo te transporta a la playa y cada visita [&hellip;]<\/p>\n","protected":false},"author":1,"featured_media":0,"parent":0,"menu_order":0,"comment_status":"closed","ping_status":"closed","template":"elementor_header_footer","meta":{"footnotes":""},"class_list":["post-3116","page","type-page","status-publish","hentry"],"_links":{"self":[{"href":"http:\/\/servergrupocontramar.com\/es\/wp-json\/wp\/v2\/pages\/3116","targetHints":{"allow":["GET"]}}],"collection":[{"href":"http:\/\/servergrupocontramar.com\/es\/wp-json\/wp\/v2\/pages"}],"about":[{"href":"http:\/\/servergrupocontramar.com\/es\/wp-json\/wp\/v2\/types\/page"}],"author":[{"embeddable":true,"href":"http:\/\/servergrupocontramar.com\/es\/wp-json\/wp\/v2\/users\/1"}],"replies":[{"embeddable":true,"href":"http:\/\/servergrupocontramar.com\/es\/wp-json\/wp\/v2\/comments?post=3116"}],"version-history":[{"count":130,"href":"http:\/\/servergrupocontramar.com\/es\/wp-json\/wp\/v2\/pages\/3116\/revisions"}],"predecessor-version":[{"id":5280,"href":"http:\/\/servergrupocontramar.com\/es\/wp-json\/wp\/v2\/pages\/3116\/revisions\/5280"}],"wp:attachment":[{"href":"http:\/\/servergrupocontramar.com\/es\/wp-json\/wp\/v2\/media?parent=3116"}],"curies":[{"name":"wp","href":"https:\/\/api.w.org\/{rel}","templated":true}]}}